{"id":2802,"date":"2024-04-15T11:38:47","date_gmt":"2024-04-15T09:38:47","guid":{"rendered":"https:\/\/www.totalcom.it\/zuschuss-bozen\/"},"modified":"2024-04-15T12:33:58","modified_gmt":"2024-04-15T10:33:58","slug":"zuschuss-bozen","status":"publish","type":"page","link":"https:\/\/www.totalcom.it\/de\/zuschuss-bozen\/","title":{"rendered":"60% Zuschuss f\u00fcr Kleinunternehmen in der Provinz Bozen"},"content":{"rendered":"[vc_row type=&#8220;full_width_background&#8220; full_screen_row_position=&#8220;middle&#8220; column_margin=&#8220;default&#8220; column_direction=&#8220;default&#8220; column_direction_tablet=&#8220;default&#8220; column_direction_phone=&#8220;default&#8220; bg_color=&#8220;#ffffff&#8220; scene_position=&#8220;center&#8220; top_padding=&#8220;5%&#8220; bottom_padding=&#8220;4%&#8220; top_padding_phone=&#8220;7%&#8220; bottom_padding_phone=&#8220;5%&#8220; text_color=&#8220;dark&#8220; text_align=&#8220;left&#8220; row_border_radius=&#8220;none&#8220; row_border_radius_applies=&#8220;bg&#8220; overflow=&#8220;visible&#8220; id=&#8220;start&#8220; overlay_strength=&#8220;0.3&#8243; gradient_direction=&#8220;left_to_right&#8220; shape_divider_position=&#8220;bottom&#8220; bg_image_animation=&#8220;none&#8220; shape_type=&#8220;&#8220; gradient_type=&#8220;default&#8220;][vc_column column_padding=&#8220;no-extra-padding&#8220; column_padding_tablet=&#8220;inherit&#8220; column_padding_phone=&#8220;inherit&#8220; column_padding_position=&#8220;right&#8220; left_margin=&#8220;auto&#8220; constrain_group_2=&#8220;yes&#8220; right_margin=&#8220;auto&#8220; column_element_direction_desktop=&#8220;default&#8220; column_element_spacing=&#8220;default&#8220; desktop_text_alignment=&#8220;default&#8220; tablet_text_alignment=&#8220;default&#8220; phone_text_alignment=&#8220;default&#8220; background_color_opacity=&#8220;1&#8243; background_hover_color_opacity=&#8220;1&#8243; column_backdrop_filter=&#8220;none&#8220; column_shadow=&#8220;none&#8220; column_border_radius=&#8220;none&#8220; column_link_target=&#8220;_self&#8220; max_width_desktop=&#8220;1200&#8243; column_position=&#8220;default&#8220; gradient_direction=&#8220;left_to_right&#8220; overlay_strength=&#8220;0.3&#8243; width=&#8220;1\/1&#8243; tablet_width_inherit=&#8220;default&#8220; animation_type=&#8220;default&#8220; bg_image_animation=&#8220;none&#8220; border_type=&#8220;simple&#8220; column_border_width=&#8220;none&#8220; column_border_style=&#8220;solid&#8220; column_padding_type=&#8220;default&#8220; gradient_type=&#8220;default&#8220;][nectar_responsive_text font_size_min=&#8220;26px&#8220; font_size_max=&#8220;62px&#8220; font_size_desktop=&#8220;4vw&#8220; font_line_height=&#8220;1.1&#8243;]\n<h1>F\u00f6rderm\u00f6glichkeiten f\u00fcr die Digitalisierung von Unternehmen in der Provinz Bozen<\/h1>\n[\/nectar_responsive_text][vc_column_text]\ud83d\udce3 <strong>Sichern Sie sich 60% F\u00f6rderung f\u00fcr die Digitalisierung Ihres Unternehmens!<\/strong>[\/vc_column_text][divider line_type=&#8220;No Line&#8220; custom_height=&#8220;40&#8243; custom_height_tablet=&#8220;30&#8243; custom_height_phone=&#8220;10&#8243;][vc_column_text]Die Totalcom Web Agency informiert, dass mit Unterst\u00fctzung der Provinz Bozen nun ein nicht r\u00fcckzahlbarer <strong>Zuschuss von 60% f\u00fcr lokale Kleinunternehmen<\/strong> verf\u00fcgbar ist. Dieser Zuschuss ist darauf ausgerichtet, Dienstleistungen zu finanzieren, die darauf abzielen, die digitale Pr\u00e4senz von Unternehmen zu st\u00e4rken, einschlie\u00dflich:<\/p>\n<ul>\n<li>Erstellung oder Verbesserung von Websites und E-Commerce-Plattformen.<\/li>\n<li>Effektive Verwaltung der sozialen Netzwerke des Unternehmens.<\/li>\n<li>Erh\u00f6hung der Unternehmenssichtbarkeit auf Google.<\/li>\n<li>Entwicklung von Managementsoftware zur Optimierung interner Prozesse.<\/li>\n<li>Fachberatung f\u00fcr die Digitalisierung von Unternehmen.<\/li>\n<\/ul>\n<p>Achtung: Die verf\u00fcgbaren Mittel f\u00fcr diesen Zuschuss sind begrenzt.<\/p>\n<p>Wir laden daher interessierte Unternehmen ein, uns zu kontaktieren, um die Anforderungen f\u00fcr den Zugang zu den F\u00f6rdermitteln rechtzeitig zu pr\u00fcfen.<\/p>\n<p>Die Totalcom Web Agency verpflichtet sich, die Unternehmen in der Provinz Bozen auf ihrem Weg zur Digitalisierung zu unterst\u00fctzen, mit dem Ziel, aktiv zu ihrem Wachstum beizutragen und sicherzustellen, dass ihr Projekt nicht nur Gestalt annimmt, sondern im digitalen Umfeld hervorragend abschneidet.[\/vc_column_text][\/vc_column][\/vc_row][vc_row type=&#8220;in_container&#8220; full_screen_row_position=&#8220;middle&#8220; column_margin=&#8220;default&#8220; column_direction=&#8220;default&#8220; column_direction_tablet=&#8220;default&#8220; column_direction_phone=&#8220;default&#8220; scene_position=&#8220;center&#8220; bottom_padding=&#8220;10%&#8220; text_color=&#8220;dark&#8220; text_align=&#8220;left&#8220; row_border_radius=&#8220;none&#8220; row_border_radius_applies=&#8220;bg&#8220; overflow=&#8220;visible&#8220; overlay_strength=&#8220;0.3&#8243; gradient_direction=&#8220;left_to_right&#8220; shape_divider_position=&#8220;bottom&#8220; bg_image_animation=&#8220;none&#8220; gradient_type=&#8220;default&#8220; shape_type=&#8220;&#8220;][vc_column column_padding=&#8220;no-extra-padding&#8220; column_padding_tablet=&#8220;inherit&#8220; column_padding_phone=&#8220;inherit&#8220; column_padding_position=&#8220;all&#8220; left_margin=&#8220;auto&#8220; constrain_group_2=&#8220;yes&#8220; right_margin=&#8220;auto&#8220; column_element_direction_desktop=&#8220;default&#8220; column_element_spacing=&#8220;default&#8220; desktop_text_alignment=&#8220;default&#8220; tablet_text_alignment=&#8220;default&#8220; phone_text_alignment=&#8220;default&#8220; background_color_opacity=&#8220;1&#8243; background_hover_color_opacity=&#8220;1&#8243; column_backdrop_filter=&#8220;none&#8220; column_shadow=&#8220;none&#8220; column_border_radius=&#8220;none&#8220; column_link_target=&#8220;_self&#8220; max_width_desktop=&#8220;1200&#8243; column_position=&#8220;default&#8220; gradient_direction=&#8220;left_to_right&#8220; overlay_strength=&#8220;0.3&#8243; width=&#8220;1\/1&#8243; tablet_width_inherit=&#8220;default&#8220; animation_type=&#8220;default&#8220; bg_image_animation=&#8220;none&#8220; border_type=&#8220;simple&#8220; column_border_width=&#8220;none&#8220; column_border_style=&#8220;solid&#8220; column_padding_type=&#8220;default&#8220; gradient_type=&#8220;default&#8220;][vc_row_inner column_margin=&#8220;default&#8220; column_direction=&#8220;default&#8220; column_direction_tablet=&#8220;default&#8220; column_direction_phone=&#8220;default&#8220; bottom_padding=&#8220;30&#8243; top_padding_phone=&#8220;30&#8243; bottom_padding_phone=&#8220;0&#8243; text_align=&#8220;left&#8220; row_position=&#8220;default&#8220; row_position_tablet=&#8220;inherit&#8220; row_position_phone=&#8220;inherit&#8220; overflow=&#8220;visible&#8220; pointer_events=&#8220;all&#8220;][vc_column_inner column_padding=&#8220;no-extra-padding&#8220; column_padding_tablet=&#8220;inherit&#8220; column_padding_phone=&#8220;inherit&#8220; column_padding_position=&#8220;all&#8220; column_element_direction_desktop=&#8220;default&#8220; column_element_spacing=&#8220;default&#8220; desktop_text_alignment=&#8220;default&#8220; tablet_text_alignment=&#8220;default&#8220; phone_text_alignment=&#8220;default&#8220; background_color_opacity=&#8220;1&#8243; background_hover_color_opacity=&#8220;1&#8243; column_backdrop_filter=&#8220;none&#8220; column_shadow=&#8220;none&#8220; column_border_radius=&#8220;none&#8220; column_link_target=&#8220;_self&#8220; overflow=&#8220;visible&#8220; gradient_direction=&#8220;left_to_right&#8220; overlay_strength=&#8220;0.3&#8243; width=&#8220;1\/1&#8243; tablet_width_inherit=&#8220;default&#8220; animation_type=&#8220;default&#8220; bg_image_animation=&#8220;none&#8220; border_type=&#8220;simple&#8220; column_border_width=&#8220;none&#8220; column_border_style=&#8220;solid&#8220;][vc_column_text max_width=&#8220;800&#8243;]\n<h2>F\u00fcr weitere Informationen und um den Bewerbungsprozess zu starten, f\u00fcllen Sie bitte das folgende Formular aus:<\/h2>\n[\/vc_column_text][\/vc_column_inner][\/vc_row_inner][vc_raw_html]W25pbmphX2Zvcm0gaWQ9Ml0J[\/vc_raw_html][\/vc_column][\/vc_row][vc_row type=&#8220;in_container&#8220; full_screen_row_position=&#8220;middle&#8220; column_margin=&#8220;default&#8220; column_direction=&#8220;default&#8220; column_direction_tablet=&#8220;default&#8220; column_direction_phone=&#8220;default&#8220; scene_position=&#8220;center&#8220; text_color=&#8220;dark&#8220; text_align=&#8220;left&#8220; row_border_radius=&#8220;none&#8220; row_border_radius_applies=&#8220;bg&#8220; overflow=&#8220;visible&#8220; overlay_strength=&#8220;0.3&#8243; gradient_direction=&#8220;left_to_right&#8220; shape_divider_position=&#8220;bottom&#8220; bg_image_animation=&#8220;none&#8220;][vc_column column_padding=&#8220;no-extra-padding&#8220; column_padding_tablet=&#8220;inherit&#8220; column_padding_phone=&#8220;inherit&#8220; column_padding_position=&#8220;all&#8220; column_element_direction_desktop=&#8220;default&#8220; column_element_spacing=&#8220;default&#8220; desktop_text_alignment=&#8220;default&#8220; tablet_text_alignment=&#8220;default&#8220; phone_text_alignment=&#8220;default&#8220; background_color_opacity=&#8220;1&#8243; background_hover_color_opacity=&#8220;1&#8243; column_backdrop_filter=&#8220;none&#8220; column_shadow=&#8220;none&#8220; column_border_radius=&#8220;none&#8220; column_link_target=&#8220;_self&#8220; column_position=&#8220;default&#8220; gradient_direction=&#8220;left_to_right&#8220; overlay_strength=&#8220;0.3&#8243; width=&#8220;1\/1&#8243; tablet_width_inherit=&#8220;default&#8220; animation_type=&#8220;default&#8220; bg_image_animation=&#8220;none&#8220; border_type=&#8220;simple&#8220; column_border_width=&#8220;none&#8220; column_border_style=&#8220;solid&#8220;][nectar_global_section id=&#8220;380&#8243;][\/vc_column][\/vc_row]\n","protected":false},"excerpt":{"rendered":"<p>[vc_row type=&#8220;full_width_background&#8220; full_screen_row_position=&#8220;middle&#8220; column_margin=&#8220;default&#8220; column_direction=&#8220;default&#8220; column_direction_tablet=&#8220;default&#8220; column_direction_phone=&#8220;default&#8220; bg_color=&#8220;#ffffff&#8220; scene_position=&#8220;center&#8220; top_padding=&#8220;5%&#8220; bottom_padding=&#8220;4%&#8220; top_padding_phone=&#8220;7%&#8220; bottom_padding_phone=&#8220;5%&#8220; text_color=&#8220;dark&#8220; text_align=&#8220;left&#8220; row_border_radius=&#8220;none&#8220; row_border_radius_applies=&#8220;bg&#8220; overflow=&#8220;visible&#8220; id=&#8220;start&#8220; overlay_strength=&#8220;0.3&#8243; gradient_direction=&#8220;left_to_right&#8220; shape_divider_position=&#8220;bottom&#8220; bg_image_animation=&#8220;none&#8220; shape_type=&#8220;&#8220; gradient_type=&#8220;default&#8220;][vc_column column_padding=&#8220;no-extra-padding&#8220; column_padding_tablet=&#8220;inherit&#8220; column_padding_phone=&#8220;inherit&#8220; column_padding_position=&#8220;right&#8220; left_margin=&#8220;auto&#8220;&#8230;<\/p>\n","protected":false},"author":8,"featured_media":0,"parent":0,"menu_order":0,"comment_status":"closed","ping_status":"closed","template":"","meta":{"inline_featured_image":false,"footnotes":""},"class_list":["post-2802","page","type-page","status-publish"],"yoast_head":"<title>60% Zuschuss f\u00fcr Kleinunternehmen in der Provinz Bozen - Totalcom<\/title>\n<meta name=\"description\" content=\"Erhalten Sie bis zu 60% F\u00f6rderung f\u00fcr die Digitalisierung Ihres Unternehmens in Bozen. Kontaktieren Sie jetzt die Totalcom Web Agency f\u00fcr Details!\" \/>\n<meta name=\"robots\" content=\"index, follow, max-snippet:-1, max-image-preview:large, max-video-preview:-1\" \/>\n<link rel=\"canonical\" href=\"https:\/\/www.totalcom.it\/de\/zuschuss-bozen\/\" \/>\n<meta property=\"og:locale\" content=\"de_DE\" \/>\n<meta property=\"og:type\" content=\"article\" \/>\n<meta property=\"og:title\" content=\"60% Zuschuss f\u00fcr Kleinunternehmen in der Provinz Bozen - Totalcom\" \/>\n<meta property=\"og:description\" content=\"Erhalten Sie bis zu 60% F\u00f6rderung f\u00fcr die Digitalisierung Ihres Unternehmens in Bozen. Kontaktieren Sie jetzt die Totalcom Web Agency f\u00fcr Details!\" \/>\n<meta property=\"og:url\" content=\"https:\/\/www.totalcom.it\/de\/zuschuss-bozen\/\" \/>\n<meta property=\"og:site_name\" content=\"Totalcom\" \/>\n<meta property=\"article:publisher\" content=\"https:\/\/www.facebook.com\/totalcom.webagency\" \/>\n<meta property=\"article:modified_time\" content=\"2024-04-15T10:33:58+00:00\" \/>\n<meta property=\"og:image\" content=\"https:\/\/www.totalcom.it\/wp-content\/uploads\/2024\/11\/totalcom-theme.jpg\" \/>\n\t<meta property=\"og:image:width\" content=\"1200\" \/>\n\t<meta property=\"og:image:height\" content=\"900\" \/>\n\t<meta property=\"og:image:type\" content=\"image\/jpeg\" \/>\n<meta name=\"twitter:card\" content=\"summary_large_image\" \/>\n<meta name=\"twitter:label1\" content=\"Gesch\u00e4tzte Lesezeit\" \/>\n\t<meta name=\"twitter:data1\" content=\"5\u00a0Minuten\" \/>\n<script type=\"application\/ld+json\" class=\"yoast-schema-graph\">{\"@context\":\"https:\\\/\\\/schema.org\",\"@graph\":[{\"@type\":\"WebPage\",\"@id\":\"https:\\\/\\\/www.totalcom.it\\\/de\\\/zuschuss-bozen\\\/\",\"url\":\"https:\\\/\\\/www.totalcom.it\\\/de\\\/zuschuss-bozen\\\/\",\"name\":\"60% Zuschuss f\u00fcr Kleinunternehmen in der Provinz Bozen - Totalcom\",\"isPartOf\":{\"@id\":\"https:\\\/\\\/www.totalcom.it\\\/de\\\/#website\"},\"datePublished\":\"2024-04-15T09:38:47+00:00\",\"dateModified\":\"2024-04-15T10:33:58+00:00\",\"description\":\"Erhalten Sie bis zu 60% F\u00f6rderung f\u00fcr die Digitalisierung Ihres Unternehmens in Bozen. Kontaktieren Sie jetzt die Totalcom Web Agency f\u00fcr Details!\",\"breadcrumb\":{\"@id\":\"https:\\\/\\\/www.totalcom.it\\\/de\\\/zuschuss-bozen\\\/#breadcrumb\"},\"inLanguage\":\"de\",\"potentialAction\":[{\"@type\":\"ReadAction\",\"target\":[\"https:\\\/\\\/www.totalcom.it\\\/de\\\/zuschuss-bozen\\\/\"]}]},{\"@type\":\"BreadcrumbList\",\"@id\":\"https:\\\/\\\/www.totalcom.it\\\/de\\\/zuschuss-bozen\\\/#breadcrumb\",\"itemListElement\":[{\"@type\":\"ListItem\",\"position\":1,\"name\":\"Home\",\"item\":\"https:\\\/\\\/www.totalcom.it\\\/de\\\/\"},{\"@type\":\"ListItem\",\"position\":2,\"name\":\"60% Zuschuss f\u00fcr Kleinunternehmen in der Provinz Bozen\"}]},{\"@type\":\"WebSite\",\"@id\":\"https:\\\/\\\/www.totalcom.it\\\/de\\\/#website\",\"url\":\"https:\\\/\\\/www.totalcom.it\\\/de\\\/\",\"name\":\"Totalcom\",\"description\":\"Marketing & Web Agency Bozen\",\"publisher\":{\"@id\":\"https:\\\/\\\/www.totalcom.it\\\/de\\\/#organization\"},\"potentialAction\":[{\"@type\":\"SearchAction\",\"target\":{\"@type\":\"EntryPoint\",\"urlTemplate\":\"https:\\\/\\\/www.totalcom.it\\\/de\\\/?s={search_term_string}\"},\"query-input\":{\"@type\":\"PropertyValueSpecification\",\"valueRequired\":true,\"valueName\":\"search_term_string\"}}],\"inLanguage\":\"de\"},{\"@type\":\"Organization\",\"@id\":\"https:\\\/\\\/www.totalcom.it\\\/de\\\/#organization\",\"name\":\"Totalcom\",\"url\":\"https:\\\/\\\/www.totalcom.it\\\/de\\\/\",\"logo\":{\"@type\":\"ImageObject\",\"inLanguage\":\"de\",\"@id\":\"https:\\\/\\\/www.totalcom.it\\\/de\\\/#\\\/schema\\\/logo\\\/image\\\/\",\"url\":\"https:\\\/\\\/www.totalcom.it\\\/wp-content\\\/uploads\\\/2022\\\/05\\\/favicon.png\",\"contentUrl\":\"https:\\\/\\\/www.totalcom.it\\\/wp-content\\\/uploads\\\/2022\\\/05\\\/favicon.png\",\"width\":512,\"height\":512,\"caption\":\"Totalcom\"},\"image\":{\"@id\":\"https:\\\/\\\/www.totalcom.it\\\/de\\\/#\\\/schema\\\/logo\\\/image\\\/\"},\"sameAs\":[\"https:\\\/\\\/www.facebook.com\\\/totalcom.webagency\",\"https:\\\/\\\/www.instagram.com\\\/totalcom.it\\\/\"]}]}<\/script>","yoast_head_json":{"title":"60% Zuschuss f\u00fcr Kleinunternehmen in der Provinz Bozen - Totalcom","description":"Erhalten Sie bis zu 60% F\u00f6rderung f\u00fcr die Digitalisierung Ihres Unternehmens in Bozen. Kontaktieren Sie jetzt die Totalcom Web Agency f\u00fcr Details!","robots":{"index":"index","follow":"follow","max-snippet":"max-snippet:-1","max-image-preview":"max-image-preview:large","max-video-preview":"max-video-preview:-1"},"canonical":"https:\/\/www.totalcom.it\/de\/zuschuss-bozen\/","og_locale":"de_DE","og_type":"article","og_title":"60% Zuschuss f\u00fcr Kleinunternehmen in der Provinz Bozen - Totalcom","og_description":"Erhalten Sie bis zu 60% F\u00f6rderung f\u00fcr die Digitalisierung Ihres Unternehmens in Bozen. Kontaktieren Sie jetzt die Totalcom Web Agency f\u00fcr Details!","og_url":"https:\/\/www.totalcom.it\/de\/zuschuss-bozen\/","og_site_name":"Totalcom","article_publisher":"https:\/\/www.facebook.com\/totalcom.webagency","article_modified_time":"2024-04-15T10:33:58+00:00","og_image":[{"width":1200,"height":900,"url":"https:\/\/www.totalcom.it\/wp-content\/uploads\/2024\/11\/totalcom-theme.jpg","type":"image\/jpeg"}],"twitter_card":"summary_large_image","twitter_misc":{"Gesch\u00e4tzte Lesezeit":"5\u00a0Minuten"},"schema":{"@context":"https:\/\/schema.org","@graph":[{"@type":"WebPage","@id":"https:\/\/www.totalcom.it\/de\/zuschuss-bozen\/","url":"https:\/\/www.totalcom.it\/de\/zuschuss-bozen\/","name":"60% Zuschuss f\u00fcr Kleinunternehmen in der Provinz Bozen - Totalcom","isPartOf":{"@id":"https:\/\/www.totalcom.it\/de\/#website"},"datePublished":"2024-04-15T09:38:47+00:00","dateModified":"2024-04-15T10:33:58+00:00","description":"Erhalten Sie bis zu 60% F\u00f6rderung f\u00fcr die Digitalisierung Ihres Unternehmens in Bozen. Kontaktieren Sie jetzt die Totalcom Web Agency f\u00fcr Details!","breadcrumb":{"@id":"https:\/\/www.totalcom.it\/de\/zuschuss-bozen\/#breadcrumb"},"inLanguage":"de","potentialAction":[{"@type":"ReadAction","target":["https:\/\/www.totalcom.it\/de\/zuschuss-bozen\/"]}]},{"@type":"BreadcrumbList","@id":"https:\/\/www.totalcom.it\/de\/zuschuss-bozen\/#breadcrumb","itemListElement":[{"@type":"ListItem","position":1,"name":"Home","item":"https:\/\/www.totalcom.it\/de\/"},{"@type":"ListItem","position":2,"name":"60% Zuschuss f\u00fcr Kleinunternehmen in der Provinz Bozen"}]},{"@type":"WebSite","@id":"https:\/\/www.totalcom.it\/de\/#website","url":"https:\/\/www.totalcom.it\/de\/","name":"Totalcom","description":"Marketing & Web Agency Bozen","publisher":{"@id":"https:\/\/www.totalcom.it\/de\/#organization"},"potentialAction":[{"@type":"SearchAction","target":{"@type":"EntryPoint","urlTemplate":"https:\/\/www.totalcom.it\/de\/?s={search_term_string}"},"query-input":{"@type":"PropertyValueSpecification","valueRequired":true,"valueName":"search_term_string"}}],"inLanguage":"de"},{"@type":"Organization","@id":"https:\/\/www.totalcom.it\/de\/#organization","name":"Totalcom","url":"https:\/\/www.totalcom.it\/de\/","logo":{"@type":"ImageObject","inLanguage":"de","@id":"https:\/\/www.totalcom.it\/de\/#\/schema\/logo\/image\/","url":"https:\/\/www.totalcom.it\/wp-content\/uploads\/2022\/05\/favicon.png","contentUrl":"https:\/\/www.totalcom.it\/wp-content\/uploads\/2022\/05\/favicon.png","width":512,"height":512,"caption":"Totalcom"},"image":{"@id":"https:\/\/www.totalcom.it\/de\/#\/schema\/logo\/image\/"},"sameAs":["https:\/\/www.facebook.com\/totalcom.webagency","https:\/\/www.instagram.com\/totalcom.it\/"]}]}},"_links":{"self":[{"href":"https:\/\/www.totalcom.it\/de\/wp-json\/wp\/v2\/pages\/2802","targetHints":{"allow":["GET"]}}],"collection":[{"href":"https:\/\/www.totalcom.it\/de\/wp-json\/wp\/v2\/pages"}],"about":[{"href":"https:\/\/www.totalcom.it\/de\/wp-json\/wp\/v2\/types\/page"}],"author":[{"embeddable":true,"href":"https:\/\/www.totalcom.it\/de\/wp-json\/wp\/v2\/users\/8"}],"replies":[{"embeddable":true,"href":"https:\/\/www.totalcom.it\/de\/wp-json\/wp\/v2\/comments?post=2802"}],"version-history":[{"count":0,"href":"https:\/\/www.totalcom.it\/de\/wp-json\/wp\/v2\/pages\/2802\/revisions"}],"wp:attachment":[{"href":"https:\/\/www.totalcom.it\/de\/wp-json\/wp\/v2\/media?parent=2802"}],"curies":[{"name":"wp","href":"https:\/\/api.w.org\/{rel}","templated":true}]}}