{"id":1645,"date":"2022-05-03T10:31:48","date_gmt":"2022-05-03T08:31:48","guid":{"rendered":"https:\/\/www.totalcom.it\/impressum\/"},"modified":"2025-07-07T18:18:31","modified_gmt":"2025-07-07T16:18:31","slug":"impressum","status":"publish","type":"page","link":"https:\/\/www.totalcom.it\/de\/impressum\/","title":{"rendered":"Impressum"},"content":{"rendered":"[vc_row type=&#8220;full_width_background&#8220; full_screen_row_position=&#8220;middle&#8220; column_margin=&#8220;default&#8220; column_direction=&#8220;default&#8220; column_direction_tablet=&#8220;default&#8220; column_direction_phone=&#8220;default&#8220; bg_color=&#8220;#002060&#8243; bg_image=&#8220;914&#8243; bg_position=&#8220;right center&#8220; background_image_loading=&#8220;default&#8220; bg_repeat=&#8220;no-repeat&#8220; scene_position=&#8220;center&#8220; layer_one_image=&#8220;159&#8243; layer_one_strength=&#8220;.1&#8243; top_padding=&#8220;10%&#8220; constrain_group_1=&#8220;yes&#8220; bottom_padding=&#8220;10%&#8220; text_color=&#8220;light&#8220; text_align=&#8220;left&#8220; row_border_radius=&#8220;none&#8220; row_border_radius_applies=&#8220;bg&#8220; overflow=&#8220;visible&#8220; class=&#8220;mh_content&#8220; id=&#8220;main_hero&#8220; advanced_gradient_angle=&#8220;0&#8243; overlay_strength=&#8220;0.95&#8243; gradient_direction=&#8220;left_to_right&#8220; shape_divider_position=&#8220;bottom&#8220; bg_image_animation=&#8220;none&#8220; shape_type=&#8220;tilt&#8220; gradient_type=&#8220;default&#8220;][vc_column column_padding=&#8220;no-extra-padding&#8220; column_padding_tablet=&#8220;inherit&#8220; column_padding_phone=&#8220;inherit&#8220; column_padding_position=&#8220;all&#8220; column_element_direction_desktop=&#8220;default&#8220; column_element_spacing=&#8220;default&#8220; desktop_text_alignment=&#8220;default&#8220; tablet_text_alignment=&#8220;default&#8220; phone_text_alignment=&#8220;default&#8220; background_color_opacity=&#8220;1&#8243; background_hover_color_opacity=&#8220;1&#8243; column_backdrop_filter=&#8220;none&#8220; column_shadow=&#8220;none&#8220; column_border_radius=&#8220;none&#8220; column_link_target=&#8220;_self&#8220; max_width_desktop=&#8220;700&#8243; column_position=&#8220;default&#8220; advanced_gradient_angle=&#8220;0&#8243; gradient_direction=&#8220;left_to_right&#8220; overlay_strength=&#8220;0.3&#8243; width=&#8220;1\/1&#8243; tablet_width_inherit=&#8220;default&#8220; animation_type=&#8220;default&#8220; bg_image_animation=&#8220;none&#8220; border_type=&#8220;simple&#8220; column_border_width=&#8220;none&#8220; column_border_style=&#8220;solid&#8220; gradient_type=&#8220;default&#8220;][vc_custom_heading text=&#8220;Impressum&#8220; font_container=&#8220;tag:h1|text_align:left&#8220; use_theme_fonts=&#8220;yes&#8220;][\/vc_column][\/vc_row][vc_row type=&#8220;full_width_background&#8220; full_screen_row_position=&#8220;middle&#8220; column_margin=&#8220;default&#8220; column_direction=&#8220;default&#8220; column_direction_tablet=&#8220;default&#8220; column_direction_phone=&#8220;default&#8220; bg_color=&#8220;#ffffff&#8220; scene_position=&#8220;center&#8220; top_padding=&#8220;10%&#8220; constrain_group_1=&#8220;yes&#8220; bottom_padding=&#8220;10%&#8220; text_color=&#8220;dark&#8220; text_align=&#8220;left&#8220; row_border_radius=&#8220;none&#8220; row_border_radius_applies=&#8220;bg&#8220; overflow=&#8220;visible&#8220; id=&#8220;start&#8220; overlay_strength=&#8220;0.3&#8243; gradient_direction=&#8220;left_to_right&#8220; shape_divider_position=&#8220;bottom&#8220; bg_image_animation=&#8220;none&#8220; shape_type=&#8220;&#8220;][vc_column column_padding=&#8220;no-extra-padding&#8220; column_padding_tablet=&#8220;inherit&#8220; column_padding_phone=&#8220;inherit&#8220; column_padding_position=&#8220;right&#8220; column_element_direction_desktop=&#8220;default&#8220; column_element_spacing=&#8220;default&#8220; desktop_text_alignment=&#8220;default&#8220; tablet_text_alignment=&#8220;default&#8220; phone_text_alignment=&#8220;default&#8220; background_color_opacity=&#8220;1&#8243; background_hover_color_opacity=&#8220;1&#8243; column_backdrop_filter=&#8220;none&#8220; column_shadow=&#8220;none&#8220; column_border_radius=&#8220;none&#8220; column_link_target=&#8220;_self&#8220; column_position=&#8220;default&#8220; gradient_direction=&#8220;left_to_right&#8220; overlay_strength=&#8220;0.3&#8243; width=&#8220;2\/3&#8243; tablet_width_inherit=&#8220;default&#8220; animation_type=&#8220;default&#8220; bg_image_animation=&#8220;none&#8220; border_type=&#8220;simple&#8220; column_border_width=&#8220;none&#8220; column_border_style=&#8220;solid&#8220;][vc_column_text]\n<h3>Totalcom Network GmbH<\/h3>\n<p>Josef-Ressel-Stra\u00dfe 2 | I-39100 Bozen\u2013 Italien<br \/>Tel: +39 0471 162 8000<br \/>E-mail:\u00a0<a class=\"external\" href=\"mailto:info@totalcom.it\">info@totalcom.it<\/a><br \/>Zertifizierte elektronische Post:\u00a0<a class=\"external\" href=\"mailto:info@pec.totalcom.network\">info@pec.totalcom.network<\/a><\/p>\n<p>MwSt: IT02976770210<\/p>\n<p><strong>Verantwortung f\u00fcr die Inhalte<\/strong><\/p>\n<p>Der Inhalt dieser Website ist urheberrechtlich gesch\u00fctzt. Die Vervielf\u00e4ltigung, ganz oder teilweise, von Texten oder Ausz\u00fcgen und des gesamten Bildmaterials ist verboten, falls nicht ausdr\u00fccklich in schriftlicher Form von Lewald genehmigt und erlaubt. F\u00fcr den Inhalt verlinkter Seiten sind ausschlie\u00dflich deren Verwalter verantwortlich.<\/p>\n<h3>Design, Programmierung, Web Software, Hosting:<\/h3>\n<p>Totalcom Network GmbH<br \/>Giacomo Puccini Stra\u00dfe 8\/2 | I-39100 Bozen\u2013 Italien<br \/>Tel. +39 0471 162 8000<br \/>E-mail:\u00a0<a class=\"external\" href=\"mailto:info@totalcom.it\">info@totalcom.it<\/a>\u00a0|\u00a0<a class=\"external\" href=\"mailto:helpdesk@totalcom.it\">helpdesk@totalcom.it<\/a>\u00a0(Kundendienst)[\/vc_column_text][\/vc_column][\/vc_row]\n","protected":false},"excerpt":{"rendered":"<p>[vc_row type=&#8220;full_width_background&#8220; full_screen_row_position=&#8220;middle&#8220; column_margin=&#8220;default&#8220; column_direction=&#8220;default&#8220; column_direction_tablet=&#8220;default&#8220; column_direction_phone=&#8220;default&#8220; bg_color=&#8220;#002060&#8243; bg_image=&#8220;914&#8243; bg_position=&#8220;right center&#8220; background_image_loading=&#8220;default&#8220; bg_repeat=&#8220;no-repeat&#8220; scene_position=&#8220;center&#8220; layer_one_image=&#8220;159&#8243; layer_one_strength=&#8220;.1&#8243; top_padding=&#8220;10%&#8220; constrain_group_1=&#8220;yes&#8220; bottom_padding=&#8220;10%&#8220; text_color=&#8220;light&#8220; text_align=&#8220;left&#8220; row_border_radius=&#8220;none&#8220; row_border_radius_applies=&#8220;bg&#8220; overflow=&#8220;visible&#8220; class=&#8220;mh_content&#8220; id=&#8220;main_hero&#8220; advanced_gradient_angle=&#8220;0&#8243; overlay_strength=&#8220;0.95&#8243; gradient_direction=&#8220;left_to_right&#8220; shape_divider_position=&#8220;bottom&#8220;&#8230;<\/p>\n","protected":false},"author":8,"featured_media":0,"parent":0,"menu_order":0,"comment_status":"closed","ping_status":"closed","template":"","meta":{"inline_featured_image":false,"footnotes":""},"class_list":["post-1645","page","type-page","status-publish"],"yoast_head":"<title>Impressum - Totalcom<\/title>\n<meta name=\"robots\" content=\"index, follow, max-snippet:-1, max-image-preview:large, max-video-preview:-1\" \/>\n<link rel=\"canonical\" href=\"https:\/\/www.totalcom.it\/de\/impressum\/\" \/>\n<meta property=\"og:locale\" content=\"de_DE\" \/>\n<meta property=\"og:type\" content=\"article\" \/>\n<meta property=\"og:title\" content=\"Impressum - Totalcom\" \/>\n<meta property=\"og:description\" content=\"[vc_row type=&#8220;full_width_background&#8220; full_screen_row_position=&#8220;middle&#8220; column_margin=&#8220;default&#8220; column_direction=&#8220;default&#8220; column_direction_tablet=&#8220;default&#8220; column_direction_phone=&#8220;default&#8220; bg_color=&#8220;#002060&#8243; bg_image=&#8220;914&#8243; bg_position=&#8220;right center&#8220; background_image_loading=&#8220;default&#8220; bg_repeat=&#8220;no-repeat&#8220; scene_position=&#8220;center&#8220; layer_one_image=&#8220;159&#8243; layer_one_strength=&#8220;.1&#8243; top_padding=&#8220;10%&#8220; constrain_group_1=&#8220;yes&#8220; bottom_padding=&#8220;10%&#8220; text_color=&#8220;light&#8220; text_align=&#8220;left&#8220; row_border_radius=&#8220;none&#8220; row_border_radius_applies=&#8220;bg&#8220; overflow=&#8220;visible&#8220; class=&#8220;mh_content&#8220; id=&#8220;main_hero&#8220; advanced_gradient_angle=&#8220;0&#8243; overlay_strength=&#8220;0.95&#8243; gradient_direction=&#8220;left_to_right&#8220; shape_divider_position=&#8220;bottom&#8220;...\" \/>\n<meta property=\"og:url\" content=\"https:\/\/www.totalcom.it\/de\/impressum\/\" \/>\n<meta property=\"og:site_name\" content=\"Totalcom\" \/>\n<meta property=\"article:publisher\" content=\"https:\/\/www.facebook.com\/totalcom.webagency\" \/>\n<meta property=\"article:modified_time\" content=\"2025-07-07T16:18:31+00:00\" \/>\n<meta property=\"og:image\" content=\"https:\/\/www.totalcom.it\/wp-content\/uploads\/2024\/11\/totalcom-theme.jpg\" \/>\n\t<meta property=\"og:image:width\" content=\"1200\" \/>\n\t<meta property=\"og:image:height\" content=\"900\" \/>\n\t<meta property=\"og:image:type\" content=\"image\/jpeg\" \/>\n<meta name=\"twitter:card\" content=\"summary_large_image\" \/>\n<meta name=\"twitter:label1\" content=\"Gesch\u00e4tzte Lesezeit\" \/>\n\t<meta name=\"twitter:data1\" content=\"2\u00a0Minuten\" \/>\n<script type=\"application\/ld+json\" class=\"yoast-schema-graph\">{\"@context\":\"https:\\\/\\\/schema.org\",\"@graph\":[{\"@type\":\"WebPage\",\"@id\":\"https:\\\/\\\/www.totalcom.it\\\/de\\\/impressum\\\/\",\"url\":\"https:\\\/\\\/www.totalcom.it\\\/de\\\/impressum\\\/\",\"name\":\"Impressum - Totalcom\",\"isPartOf\":{\"@id\":\"https:\\\/\\\/www.totalcom.it\\\/de\\\/#website\"},\"datePublished\":\"2022-05-03T08:31:48+00:00\",\"dateModified\":\"2025-07-07T16:18:31+00:00\",\"breadcrumb\":{\"@id\":\"https:\\\/\\\/www.totalcom.it\\\/de\\\/impressum\\\/#breadcrumb\"},\"inLanguage\":\"de\",\"potentialAction\":[{\"@type\":\"ReadAction\",\"target\":[\"https:\\\/\\\/www.totalcom.it\\\/de\\\/impressum\\\/\"]}]},{\"@type\":\"BreadcrumbList\",\"@id\":\"https:\\\/\\\/www.totalcom.it\\\/de\\\/impressum\\\/#breadcrumb\",\"itemListElement\":[{\"@type\":\"ListItem\",\"position\":1,\"name\":\"Home\",\"item\":\"https:\\\/\\\/www.totalcom.it\\\/de\\\/\"},{\"@type\":\"ListItem\",\"position\":2,\"name\":\"Impressum\"}]},{\"@type\":\"WebSite\",\"@id\":\"https:\\\/\\\/www.totalcom.it\\\/de\\\/#website\",\"url\":\"https:\\\/\\\/www.totalcom.it\\\/de\\\/\",\"name\":\"Totalcom\",\"description\":\"Marketing & Web Agency Bozen\",\"publisher\":{\"@id\":\"https:\\\/\\\/www.totalcom.it\\\/de\\\/#organization\"},\"potentialAction\":[{\"@type\":\"SearchAction\",\"target\":{\"@type\":\"EntryPoint\",\"urlTemplate\":\"https:\\\/\\\/www.totalcom.it\\\/de\\\/?s={search_term_string}\"},\"query-input\":{\"@type\":\"PropertyValueSpecification\",\"valueRequired\":true,\"valueName\":\"search_term_string\"}}],\"inLanguage\":\"de\"},{\"@type\":\"Organization\",\"@id\":\"https:\\\/\\\/www.totalcom.it\\\/de\\\/#organization\",\"name\":\"Totalcom\",\"url\":\"https:\\\/\\\/www.totalcom.it\\\/de\\\/\",\"logo\":{\"@type\":\"ImageObject\",\"inLanguage\":\"de\",\"@id\":\"https:\\\/\\\/www.totalcom.it\\\/de\\\/#\\\/schema\\\/logo\\\/image\\\/\",\"url\":\"https:\\\/\\\/www.totalcom.it\\\/wp-content\\\/uploads\\\/2022\\\/05\\\/favicon.png\",\"contentUrl\":\"https:\\\/\\\/www.totalcom.it\\\/wp-content\\\/uploads\\\/2022\\\/05\\\/favicon.png\",\"width\":512,\"height\":512,\"caption\":\"Totalcom\"},\"image\":{\"@id\":\"https:\\\/\\\/www.totalcom.it\\\/de\\\/#\\\/schema\\\/logo\\\/image\\\/\"},\"sameAs\":[\"https:\\\/\\\/www.facebook.com\\\/totalcom.webagency\",\"https:\\\/\\\/www.instagram.com\\\/totalcom.it\\\/\"]}]}<\/script>","yoast_head_json":{"title":"Impressum - Totalcom","robots":{"index":"index","follow":"follow","max-snippet":"max-snippet:-1","max-image-preview":"max-image-preview:large","max-video-preview":"max-video-preview:-1"},"canonical":"https:\/\/www.totalcom.it\/de\/impressum\/","og_locale":"de_DE","og_type":"article","og_title":"Impressum - Totalcom","og_description":"[vc_row type=&#8220;full_width_background&#8220; full_screen_row_position=&#8220;middle&#8220; column_margin=&#8220;default&#8220; column_direction=&#8220;default&#8220; column_direction_tablet=&#8220;default&#8220; column_direction_phone=&#8220;default&#8220; bg_color=&#8220;#002060&#8243; bg_image=&#8220;914&#8243; bg_position=&#8220;right center&#8220; background_image_loading=&#8220;default&#8220; bg_repeat=&#8220;no-repeat&#8220; scene_position=&#8220;center&#8220; layer_one_image=&#8220;159&#8243; layer_one_strength=&#8220;.1&#8243; top_padding=&#8220;10%&#8220; constrain_group_1=&#8220;yes&#8220; bottom_padding=&#8220;10%&#8220; text_color=&#8220;light&#8220; text_align=&#8220;left&#8220; row_border_radius=&#8220;none&#8220; row_border_radius_applies=&#8220;bg&#8220; overflow=&#8220;visible&#8220; class=&#8220;mh_content&#8220; id=&#8220;main_hero&#8220; advanced_gradient_angle=&#8220;0&#8243; overlay_strength=&#8220;0.95&#8243; gradient_direction=&#8220;left_to_right&#8220; shape_divider_position=&#8220;bottom&#8220;...","og_url":"https:\/\/www.totalcom.it\/de\/impressum\/","og_site_name":"Totalcom","article_publisher":"https:\/\/www.facebook.com\/totalcom.webagency","article_modified_time":"2025-07-07T16:18:31+00:00","og_image":[{"width":1200,"height":900,"url":"https:\/\/www.totalcom.it\/wp-content\/uploads\/2024\/11\/totalcom-theme.jpg","type":"image\/jpeg"}],"twitter_card":"summary_large_image","twitter_misc":{"Gesch\u00e4tzte Lesezeit":"2\u00a0Minuten"},"schema":{"@context":"https:\/\/schema.org","@graph":[{"@type":"WebPage","@id":"https:\/\/www.totalcom.it\/de\/impressum\/","url":"https:\/\/www.totalcom.it\/de\/impressum\/","name":"Impressum - Totalcom","isPartOf":{"@id":"https:\/\/www.totalcom.it\/de\/#website"},"datePublished":"2022-05-03T08:31:48+00:00","dateModified":"2025-07-07T16:18:31+00:00","breadcrumb":{"@id":"https:\/\/www.totalcom.it\/de\/impressum\/#breadcrumb"},"inLanguage":"de","potentialAction":[{"@type":"ReadAction","target":["https:\/\/www.totalcom.it\/de\/impressum\/"]}]},{"@type":"BreadcrumbList","@id":"https:\/\/www.totalcom.it\/de\/impressum\/#breadcrumb","itemListElement":[{"@type":"ListItem","position":1,"name":"Home","item":"https:\/\/www.totalcom.it\/de\/"},{"@type":"ListItem","position":2,"name":"Impressum"}]},{"@type":"WebSite","@id":"https:\/\/www.totalcom.it\/de\/#website","url":"https:\/\/www.totalcom.it\/de\/","name":"Totalcom","description":"Marketing & Web Agency Bozen","publisher":{"@id":"https:\/\/www.totalcom.it\/de\/#organization"},"potentialAction":[{"@type":"SearchAction","target":{"@type":"EntryPoint","urlTemplate":"https:\/\/www.totalcom.it\/de\/?s={search_term_string}"},"query-input":{"@type":"PropertyValueSpecification","valueRequired":true,"valueName":"search_term_string"}}],"inLanguage":"de"},{"@type":"Organization","@id":"https:\/\/www.totalcom.it\/de\/#organization","name":"Totalcom","url":"https:\/\/www.totalcom.it\/de\/","logo":{"@type":"ImageObject","inLanguage":"de","@id":"https:\/\/www.totalcom.it\/de\/#\/schema\/logo\/image\/","url":"https:\/\/www.totalcom.it\/wp-content\/uploads\/2022\/05\/favicon.png","contentUrl":"https:\/\/www.totalcom.it\/wp-content\/uploads\/2022\/05\/favicon.png","width":512,"height":512,"caption":"Totalcom"},"image":{"@id":"https:\/\/www.totalcom.it\/de\/#\/schema\/logo\/image\/"},"sameAs":["https:\/\/www.facebook.com\/totalcom.webagency","https:\/\/www.instagram.com\/totalcom.it\/"]}]}},"_links":{"self":[{"href":"https:\/\/www.totalcom.it\/de\/wp-json\/wp\/v2\/pages\/1645","targetHints":{"allow":["GET"]}}],"collection":[{"href":"https:\/\/www.totalcom.it\/de\/wp-json\/wp\/v2\/pages"}],"about":[{"href":"https:\/\/www.totalcom.it\/de\/wp-json\/wp\/v2\/types\/page"}],"author":[{"embeddable":true,"href":"https:\/\/www.totalcom.it\/de\/wp-json\/wp\/v2\/users\/8"}],"replies":[{"embeddable":true,"href":"https:\/\/www.totalcom.it\/de\/wp-json\/wp\/v2\/comments?post=1645"}],"version-history":[{"count":2,"href":"https:\/\/www.totalcom.it\/de\/wp-json\/wp\/v2\/pages\/1645\/revisions"}],"predecessor-version":[{"id":3123,"href":"https:\/\/www.totalcom.it\/de\/wp-json\/wp\/v2\/pages\/1645\/revisions\/3123"}],"wp:attachment":[{"href":"https:\/\/www.totalcom.it\/de\/wp-json\/wp\/v2\/media?parent=1645"}],"curies":[{"name":"wp","href":"https:\/\/api.w.org\/{rel}","templated":true}]}}